{"id":10,"date":"2018-10-05T13:25:18","date_gmt":"2018-10-05T13:25:18","guid":{"rendered":"https:\/\/www.ferienhaus-sonnalp.at\/?page_id=10"},"modified":"2020-04-21T13:02:04","modified_gmt":"2020-04-21T13:02:04","slug":"informationen","status":"publish","type":"page","link":"https:\/\/www.ferienhaus-sonnalp.at\/index.php\/informationen\/","title":{"rendered":"Anreise"},"content":{"rendered":"<p><strong>Die Zufahrt zum Ferienhaus Sonnalp mit eigenem PKW ist leider nicht m\u00f6glich. Der Gep\u00e4cktransport erfolgt ausschlie\u00dflich mit der Seilbahn.\u00a0<\/strong><\/p>\n<p>Sie k\u00f6nnen mit dem Auto bis zur Talstation fahren, Ihr Gep\u00e4ck in die daf\u00fcr vorgesehenen Rollcontainer umladen und anschlie\u00dfend Ihr Auto gratis bei der Talstation parken. Bei der Mittelstation angekommen, werden die Rollcontainer mit Ihrem Gep\u00e4ck wieder ausgeladen und f\u00fcr die letzten 80 Meter zu unserem Haus steht f\u00fcr Sie im Sommer ein Handkarren zur Verf\u00fcgung, im Winter ein Schlitten.<\/p>\n<ul>\n<li><strong>Check-In ab 14 Uhr bis 16 Uhr<\/strong><\/li>\n<li><strong>Check-Out bis 10 Uhr<\/strong><\/li>\n<\/ul>\n<p>Ein early Check-In oder late Check-Out ist grunds\u00e4tzlich auch m\u00f6glich, insofern am selben Tag keine andere Gruppe an- bzw. abreist.<\/p>\n<p>Um l\u00e4ngere Wartezeiten an stark frequentierten Tagen zu vermeiden, empfehlen wir Ihnen entweder vor 10.30 oder nach 13.30 an- bzw. abzureisen. Gerne bieten wir Ihnen die M\u00f6glichkeit an, am An- bzw. Abreisetag Ihr Gep\u00e4ck in unserer Garage gratis abzustellen (f\u00fcr Ihr Gep\u00e4ck k\u00f6nnen wir leider keine Haftung \u00fcbernehmen).<\/p>\n<p>Weitere Infos zur <strong>Anfahrt<\/strong> (Lageplan etc.) finden Sie unter <a href=\"https:\/\/portal.gastfreund.net\/ferienhaus-sonnalp\/259723\">https:\/\/portal.gastfreund.net\/ferienhaus-sonnalp\/259723.<\/a><\/p>\n<p>Bei der <strong>Seilbahn Bezau<\/strong> bekommen unsere Hausg\u00e4ste <strong>erm\u00e4\u00dfigte Tarife<\/strong>. Genaueres dazu sowie aktuelle Saisons- und Betriebszeiten der Seilbahn finden sie unter <a href=\"http:\/\/www.seilbahn-bezau.at\" target=\"_blank\" rel=\"noopener noreferrer\">http:\/\/www.seilbahn-bezau.at.<\/a><\/p>\n","protected":false},"excerpt":{"rendered":"<p>Die Zufahrt zum Ferienhaus Sonnalp mit eigenem PKW ist leider nicht m\u00f6glich. Der Gep\u00e4cktransport erfolgt ausschlie\u00dflich mit der Seilbahn.\u00a0 Sie k\u00f6nnen mit dem Auto bis zur Talstation fahren, Ihr Gep\u00e4ck [&hellip;]<\/p>\n","protected":false},"author":1,"featured_media":0,"parent":0,"menu_order":0,"comment_status":"closed","ping_status":"closed","template":"","meta":{"footnotes":""},"class_list":["post-10","page","type-page","status-publish","hentry"],"_links":{"self":[{"href":"https:\/\/www.ferienhaus-sonnalp.at\/index.php\/wp-json\/wp\/v2\/pages\/10","targetHints":{"allow":["GET"]}}],"collection":[{"href":"https:\/\/www.ferienhaus-sonnalp.at\/index.php\/wp-json\/wp\/v2\/pages"}],"about":[{"href":"https:\/\/www.ferienhaus-sonnalp.at\/index.php\/wp-json\/wp\/v2\/types\/page"}],"author":[{"embeddable":true,"href":"https:\/\/www.ferienhaus-sonnalp.at\/index.php\/wp-json\/wp\/v2\/users\/1"}],"replies":[{"embeddable":true,"href":"https:\/\/www.ferienhaus-sonnalp.at\/index.php\/wp-json\/wp\/v2\/comments?post=10"}],"version-history":[{"count":23,"href":"https:\/\/www.ferienhaus-sonnalp.at\/index.php\/wp-json\/wp\/v2\/pages\/10\/revisions"}],"predecessor-version":[{"id":325,"href":"https:\/\/www.ferienhaus-sonnalp.at\/index.php\/wp-json\/wp\/v2\/pages\/10\/revisions\/325"}],"wp:attachment":[{"href":"https:\/\/www.ferienhaus-sonnalp.at\/index.php\/wp-json\/wp\/v2\/media?parent=10"}],"curies":[{"name":"wp","href":"https:\/\/api.w.org\/{rel}","templated":true}]}}