{"id":12,"date":"2018-10-05T13:25:28","date_gmt":"2018-10-05T13:25:28","guid":{"rendered":"https:\/\/www.ferienhaus-sonnalp.at\/?page_id=12"},"modified":"2020-04-21T12:59:03","modified_gmt":"2020-04-21T12:59:03","slug":"preise","status":"publish","type":"page","link":"https:\/\/www.ferienhaus-sonnalp.at\/index.php\/preise\/","title":{"rendered":"Preise"},"content":{"rendered":"<p>Je nach Personenanzahl, Zeitpunkt, Aufenthaltsdauer, Zusatzangebote usw. differenzieren die Preise f\u00fcr Ihren Aufenthalt. Deshalb ersuchen Wir Sie um eine unverbindliche Anfrage per Email an\u00a0<a href=\"mailto:info@ferienhaus-sonnalp.at\">info@ferienhaus-sonnalp.at<\/a>. Gerne erstellen wir Ihnen daraufhin ein attraktives Angebot!<\/p>\n<p><strong>Grunds\u00e4tzlich gilt:<\/strong><\/p>\n<ul>\n<li>Mindestaufenthalt: 2 N\u00e4chte<\/li>\n<li>Mindestbelegung am Wochenende: 30 Personen<\/li>\n<li>Mindestbelegung wochentags: 25 Personen<\/li>\n<li>Winter smart (22.12 &#8211; 20.3.): Mindestaufenthalt 3 N\u00e4chte und Mindestbelegung 35 Personen<\/li>\n<li>Winter celebrations (27.12. &#8211; 6.1. und 10.2. &#8211; 17.2.): Vermietung nur bei Vollbelegung und Mindestaufenthalt 1 Woche.<\/li>\n<\/ul>\n<p><b><br \/>\n<\/b>Bei der <strong>Seilbahn Bezau<\/strong> bekommen unsere Hausg\u00e4ste <strong>erm\u00e4\u00dfigte Tarife<\/strong>. Weitere Informationen dazu sowie aktuelle Saisons- und Betriebszeiten der Seilbahn finden sie unter <a href=\"http:\/\/www.seilbahn-bezau.at\" target=\"_blank\" rel=\"noopener noreferrer\">http:\/\/www.seilbahn-bezau.at.<\/a><b><br \/>\n<\/b><\/p>\n<p><strong>Bregenzerwald G\u00e4stecard<\/strong>: Ab 3 \u00dcbernachtungen zwischen 1.Mai und 31.Oktober erhalten Sie die Bregenzerwald-G\u00e4stecard, mit der alle Bergbahnen (somit auch die Seilbahn Bezau), \u00f6ffentliche Verkehrsmittel und Freib\u00e4der in der Urlaubsregion Bregenzerwald <strong>kostenlos<\/strong> benutzt werden k\u00f6nnen. Weitere Infos unter: <a href=\"https:\/\/www.bregenzerwald.at\/aktivitaet\/bregenzerwald-gaeste-card\/\">http:\/\/www.bregenzerwald.at\/aktivitaet\/bregenzerwald-gaeste-card\/<\/a><\/p>\n","protected":false},"excerpt":{"rendered":"<p>Je nach Personenanzahl, Zeitpunkt, Aufenthaltsdauer, Zusatzangebote usw. differenzieren die Preise f\u00fcr Ihren Aufenthalt. Deshalb ersuchen Wir Sie um eine unverbindliche Anfrage per Email an\u00a0info@ferienhaus-sonnalp.at. Gerne erstellen wir Ihnen daraufhin ein [&hellip;]<\/p>\n","protected":false},"author":1,"featured_media":0,"parent":0,"menu_order":0,"comment_status":"closed","ping_status":"closed","template":"","meta":{"footnotes":""},"class_list":["post-12","page","type-page","status-publish","hentry"],"_links":{"self":[{"href":"https:\/\/www.ferienhaus-sonnalp.at\/index.php\/wp-json\/wp\/v2\/pages\/12","targetHints":{"allow":["GET"]}}],"collection":[{"href":"https:\/\/www.ferienhaus-sonnalp.at\/index.php\/wp-json\/wp\/v2\/pages"}],"about":[{"href":"https:\/\/www.ferienhaus-sonnalp.at\/index.php\/wp-json\/wp\/v2\/types\/page"}],"author":[{"embeddable":true,"href":"https:\/\/www.ferienhaus-sonnalp.at\/index.php\/wp-json\/wp\/v2\/users\/1"}],"replies":[{"embeddable":true,"href":"https:\/\/www.ferienhaus-sonnalp.at\/index.php\/wp-json\/wp\/v2\/comments?post=12"}],"version-history":[{"count":19,"href":"https:\/\/www.ferienhaus-sonnalp.at\/index.php\/wp-json\/wp\/v2\/pages\/12\/revisions"}],"predecessor-version":[{"id":323,"href":"https:\/\/www.ferienhaus-sonnalp.at\/index.php\/wp-json\/wp\/v2\/pages\/12\/revisions\/323"}],"wp:attachment":[{"href":"https:\/\/www.ferienhaus-sonnalp.at\/index.php\/wp-json\/wp\/v2\/media?parent=12"}],"curies":[{"name":"wp","href":"https:\/\/api.w.org\/{rel}","templated":true}]}}