{"id":16,"date":"2018-10-05T13:25:56","date_gmt":"2018-10-05T13:25:56","guid":{"rendered":"https:\/\/www.ferienhaus-sonnalp.at\/?page_id=16"},"modified":"2020-04-07T14:08:57","modified_gmt":"2020-04-07T14:08:57","slug":"zimmerplan","status":"publish","type":"page","link":"https:\/\/www.ferienhaus-sonnalp.at\/index.php\/zimmerplan\/","title":{"rendered":"Zimmerplan"},"content":{"rendered":"<div class=\"rl-gallery-container rl-loading\" id=\"rl-gallery-container-1\" data-gallery_id=\"146\"> <div class=\"rl-gallery rl-basicgrid-gallery \" id=\"rl-gallery-1\" data-gallery_no=\"1\"> <div class=\"rl-gallery-item\"><a href=\"https:\/\/www.ferienhaus-sonnalp.at\/wp-content\/uploads\/2018\/12\/2017_10_12_ug.jpg\" title=\"\" data-rl_title=\"\" class=\"rl-gallery-link\" data-rl_caption=\"\" data-rel=\"lightbox-gallery-1\"><img loading=\"lazy\" decoding=\"async\" src=\"https:\/\/www.ferienhaus-sonnalp.at\/wp-content\/uploads\/2018\/12\/2017_10_12_ug-300x225.jpg\" width=\"300\" height=\"225\" alt=\"\"\/><\/a><\/div><div class=\"rl-gallery-item\"><a href=\"https:\/\/www.ferienhaus-sonnalp.at\/wp-content\/uploads\/2018\/12\/2017_10_11_eg.jpg\" title=\"\" data-rl_title=\"\" class=\"rl-gallery-link\" data-rl_caption=\"\" data-rel=\"lightbox-gallery-1\"><img loading=\"lazy\" decoding=\"async\" src=\"https:\/\/www.ferienhaus-sonnalp.at\/wp-content\/uploads\/2018\/12\/2017_10_11_eg-300x225.jpg\" width=\"300\" height=\"225\" alt=\"\"\/><\/a><\/div><div class=\"rl-gallery-item\"><a href=\"https:\/\/www.ferienhaus-sonnalp.at\/wp-content\/uploads\/2018\/12\/1.og__0.jpg\" title=\"\" data-rl_title=\"\" class=\"rl-gallery-link\" data-rl_caption=\"\" data-rel=\"lightbox-gallery-1\"><img loading=\"lazy\" decoding=\"async\" src=\"https:\/\/www.ferienhaus-sonnalp.at\/wp-content\/uploads\/2018\/12\/1.og__0-300x225.jpg\" width=\"300\" height=\"225\" alt=\"\"\/><\/a><\/div><div class=\"rl-gallery-item\"><a href=\"https:\/\/www.ferienhaus-sonnalp.at\/wp-content\/uploads\/2018\/12\/2.og__0.jpg\" title=\"\" data-rl_title=\"\" class=\"rl-gallery-link\" data-rl_caption=\"\" data-rel=\"lightbox-gallery-1\"><img loading=\"lazy\" decoding=\"async\" src=\"https:\/\/www.ferienhaus-sonnalp.at\/wp-content\/uploads\/2018\/12\/2.og__0-300x225.jpg\" width=\"300\" height=\"225\" alt=\"\"\/><\/a><\/div> <\/div> <\/div>\n<p>&nbsp;<\/p>\n<p><strong>48 Betten<\/strong><br \/>\n1 Einzelzimmer<br \/>\n10 Zweibettzimmer<br \/>\n2 Dreibettzimmer<br \/>\n1 Vierbettzimmer<br \/>\n1 F\u00fcnfbettzimmer<br \/>\n2 Sechsbettzimmer<\/p>\n<p>Zusatzbetten sowie Kinderbett auf Anfrage m\u00f6glich.<\/p>\n<h5>Pl\u00e4ne zum downloaden:<\/h5>\n<p><a href=\"https:\/\/www.ferienhaus-sonnalp.at\/wp-content\/uploads\/2018\/12\/2017_10_12_ug.pdf\" target=\"_blank\" rel=\"noopener noreferrer\">Untergescho\u00df<\/a><br \/>\n<a href=\"https:\/\/www.ferienhaus-sonnalp.at\/wp-content\/uploads\/2018\/12\/2017_10_11_eg.pdf\" target=\"_blank\" rel=\"noopener noreferrer\">Erdgescho\u00df<\/a><br \/>\n<a href=\"https:\/\/www.ferienhaus-sonnalp.at\/wp-content\/uploads\/2018\/12\/1.og__0.pdf\">1.OG<\/a><br \/>\n<a href=\"https:\/\/www.ferienhaus-sonnalp.at\/wp-content\/uploads\/2018\/12\/2.og__0.pdf\" target=\"_blank\" rel=\"noopener noreferrer\">2.OG<\/a><\/p>\n","protected":false},"excerpt":{"rendered":"<p>&nbsp; 48 Betten 1 Einzelzimmer 10 Zweibettzimmer 2 Dreibettzimmer 1 Vierbettzimmer 1 F\u00fcnfbettzimmer 2 Sechsbettzimmer Zusatzbetten sowie Kinderbett auf Anfrage m\u00f6glich. Pl\u00e4ne zum downloaden: Untergescho\u00df Erdgescho\u00df 1.OG 2.OG<\/p>\n","protected":false},"author":1,"featured_media":0,"parent":0,"menu_order":0,"comment_status":"closed","ping_status":"closed","template":"","meta":{"footnotes":""},"class_list":["post-16","page","type-page","status-publish","hentry"],"_links":{"self":[{"href":"https:\/\/www.ferienhaus-sonnalp.at\/index.php\/wp-json\/wp\/v2\/pages\/16","targetHints":{"allow":["GET"]}}],"collection":[{"href":"https:\/\/www.ferienhaus-sonnalp.at\/index.php\/wp-json\/wp\/v2\/pages"}],"about":[{"href":"https:\/\/www.ferienhaus-sonnalp.at\/index.php\/wp-json\/wp\/v2\/types\/page"}],"author":[{"embeddable":true,"href":"https:\/\/www.ferienhaus-sonnalp.at\/index.php\/wp-json\/wp\/v2\/users\/1"}],"replies":[{"embeddable":true,"href":"https:\/\/www.ferienhaus-sonnalp.at\/index.php\/wp-json\/wp\/v2\/comments?post=16"}],"version-history":[{"count":8,"href":"https:\/\/www.ferienhaus-sonnalp.at\/index.php\/wp-json\/wp\/v2\/pages\/16\/revisions"}],"predecessor-version":[{"id":236,"href":"https:\/\/www.ferienhaus-sonnalp.at\/index.php\/wp-json\/wp\/v2\/pages\/16\/revisions\/236"}],"wp:attachment":[{"href":"https:\/\/www.ferienhaus-sonnalp.at\/index.php\/wp-json\/wp\/v2\/media?parent=16"}],"curies":[{"name":"wp","href":"https:\/\/api.w.org\/{rel}","templated":true}]}}