{"id":161,"date":"2019-05-22T14:01:46","date_gmt":"2019-05-22T14:01:46","guid":{"rendered":"https:\/\/www.ferienhaus-sonnalp.at\/?page_id=161"},"modified":"2022-07-15T07:56:27","modified_gmt":"2022-07-15T07:56:27","slug":"sommer_slider","status":"publish","type":"page","link":"https:\/\/www.ferienhaus-sonnalp.at\/index.php\/sommer_slider\/","title":{"rendered":""},"content":{"rendered":"<p><b>Erholung in den Bergen<\/b><\/p>\n<div class=\"Styled__Content-ljYSeB fHyExI\" data-e2e=\"content\">\n<div class=\"Styled__MainColumn-gsUHxR cLXHKp\" data-e2e=\"mainColumn\">\n<p>Nach einer geruhsamen Nacht in unseren gem\u00fctlichen Zimmern starten Sie mit einem ausgiebigen Fr\u00fchst\u00fcck und frischen Br\u00f6tchen der lokalen B\u00e4ckerei in Ihren Urlaubstag, bevor Sie zu ausgedehnten Wanderungen und Radtouren aufbrechen.<\/p>\n<p>Am Abend grillen Sie mit Ihren Liebsten auf der gro\u00dfen Sonnenterrasse und genie\u00dfen die Sonne l\u00e4nger als unten im Tal. In unserem Mehrzweckraum mit Tischtennisplatte kommt auch an Schlechtwettertagen keine Langeweile auf. Nach einem erlebnisreichen Tag entspannen Sie in unserer Bergholz-Sauna und tanken neue Energie.<\/p>\n<p><b>Im Bregenzerwald<\/b><\/p>\n<p>Im Sommer nutzen Sie mit der Bregenzerwald Inklusiv-Card zahlreiche Freizeitangebote gratis oder zu verg\u00fcnstigten Preisen. Auf diversen Wander- und Themenwegen genie\u00dfen Sie die frische Bergluft und erfahren nebenbei Wissenswertes \u00fcber die Region. Bewirtschaftete Almen laden in den warmen Monaten zu einer z\u00fcnftigen Brotzeit ein.<\/p>\n<\/div>\n<p>Mehr Infos bei unserem\u00a0<a href=\"http:\/\/portal.gastfreund.net\/ferienhaus-sonnalp\/\">Gastfreund!<\/a><\/p>\n<div class=\"Styled__MainColumn-gsUHxR cLXHKp\" data-e2e=\"mainColumn\">\n<p><b>Freuen Sie sich auf abwechslungsreiche Urlaubstage und genie\u00dfen Sie Ihren Aufenthalt!<br \/>\n<\/b><b>Ihre Gastgeber Familie Broger<br \/>\n<\/b><\/p>\n<\/div>\n<\/div>\n","protected":false},"excerpt":{"rendered":"<p>Erholung in den Bergen Nach einer geruhsamen Nacht in unseren gem\u00fctlichen Zimmern starten Sie mit einem ausgiebigen Fr\u00fchst\u00fcck und frischen Br\u00f6tchen der lokalen B\u00e4ckerei in Ihren Urlaubstag, bevor Sie zu [&hellip;]<\/p>\n","protected":false},"author":1,"featured_media":0,"parent":0,"menu_order":0,"comment_status":"closed","ping_status":"closed","template":"","meta":{"footnotes":""},"class_list":["post-161","page","type-page","status-publish","hentry"],"_links":{"self":[{"href":"https:\/\/www.ferienhaus-sonnalp.at\/index.php\/wp-json\/wp\/v2\/pages\/161","targetHints":{"allow":["GET"]}}],"collection":[{"href":"https:\/\/www.ferienhaus-sonnalp.at\/index.php\/wp-json\/wp\/v2\/pages"}],"about":[{"href":"https:\/\/www.ferienhaus-sonnalp.at\/index.php\/wp-json\/wp\/v2\/types\/page"}],"author":[{"embeddable":true,"href":"https:\/\/www.ferienhaus-sonnalp.at\/index.php\/wp-json\/wp\/v2\/users\/1"}],"replies":[{"embeddable":true,"href":"https:\/\/www.ferienhaus-sonnalp.at\/index.php\/wp-json\/wp\/v2\/comments?post=161"}],"version-history":[{"count":17,"href":"https:\/\/www.ferienhaus-sonnalp.at\/index.php\/wp-json\/wp\/v2\/pages\/161\/revisions"}],"predecessor-version":[{"id":337,"href":"https:\/\/www.ferienhaus-sonnalp.at\/index.php\/wp-json\/wp\/v2\/pages\/161\/revisions\/337"}],"wp:attachment":[{"href":"https:\/\/www.ferienhaus-sonnalp.at\/index.php\/wp-json\/wp\/v2\/media?parent=161"}],"curies":[{"name":"wp","href":"https:\/\/api.w.org\/{rel}","templated":true}]}}