{"id":8,"date":"2018-10-05T13:25:03","date_gmt":"2018-10-05T13:25:03","guid":{"rendered":"https:\/\/www.ferienhaus-sonnalp.at\/?page_id=8"},"modified":"2020-04-17T09:42:44","modified_gmt":"2020-04-17T09:42:44","slug":"ausstattung","status":"publish","type":"page","link":"https:\/\/www.ferienhaus-sonnalp.at\/index.php\/ausstattung\/","title":{"rendered":"Das Haus"},"content":{"rendered":"<p>Unser Selbstversorgerhaus vermieten wir zur alleinigen Nutzung und ist bestens geeignet f\u00fcr <strong>gro\u00dfe Gruppen bis zu 50 Personen<\/strong>, wie beispielsweise:<\/p>\n<ul>\n<li><strong>Firmen <\/strong>(Seminare, Teambuilding, Strategie- und Visionsworkshops etc.)<\/li>\n<li><strong>Schulen<\/strong> (Projekttage, Ski- oder Sportwochen)<\/li>\n<li><strong>Familien &amp; Freunde<\/strong> (Geburtstagsfeiern, Hochzeiten, Verwandtschaftstreffen etc.)<\/li>\n<li><strong>Vereinsausfl\u00fcge\u00a0<\/strong><\/li>\n<li>und sonstige <strong>Feierlichkeiten<\/strong> jeder Art!<\/li>\n<\/ul>\n<div class=\"rl-gallery-container rl-loading\" id=\"rl-gallery-container-1\" data-gallery_id=\"125\"> <div class=\"rl-gallery rl-basicmasonry-gallery \" id=\"rl-gallery-1\" data-gallery_no=\"1\"> <div class=\"rl-gutter-sizer\"><\/div><div class=\"rl-grid-sizer\"><\/div> <div class=\"rl-gallery-item rl-gallery-item-width-4\" > <div class=\"rl-gallery-item-content\"> <a href=\"https:\/\/www.ferienhaus-sonnalp.at\/wp-content\/uploads\/2018\/12\/DSC_0200.jpg\" title=\"\" data-rl_title=\"\" class=\"rl-gallery-link\" data-rl_caption=\"\" data-rel=\"lightbox-gallery-1\"><img loading=\"lazy\" decoding=\"async\" src=\"https:\/\/www.ferienhaus-sonnalp.at\/wp-content\/uploads\/2018\/12\/DSC_0200-300x201.jpg\" width=\"300\" height=\"201\" alt=\"\"\/><\/a> <\/div> <\/div> <div class=\"rl-gallery-item\" > <div class=\"rl-gallery-item-content\"> <a href=\"https:\/\/www.ferienhaus-sonnalp.at\/wp-content\/uploads\/2018\/12\/SonnOkt17alp_015.jpg\" title=\"\" data-rl_title=\"\" class=\"rl-gallery-link\" data-rl_caption=\"\" data-rel=\"lightbox-gallery-1\"><img loading=\"lazy\" decoding=\"async\" src=\"https:\/\/www.ferienhaus-sonnalp.at\/wp-content\/uploads\/2018\/12\/SonnOkt17alp_015-300x200.jpg\" width=\"300\" height=\"200\" alt=\"\"\/><\/a> <\/div> <\/div> <div class=\"rl-gallery-item\" > <div class=\"rl-gallery-item-content\"> <a href=\"https:\/\/www.ferienhaus-sonnalp.at\/wp-content\/uploads\/2018\/12\/SonnOkt17alp_046.jpg\" title=\"\" data-rl_title=\"\" class=\"rl-gallery-link\" data-rl_caption=\"\" data-rel=\"lightbox-gallery-1\"><img loading=\"lazy\" decoding=\"async\" src=\"https:\/\/www.ferienhaus-sonnalp.at\/wp-content\/uploads\/2018\/12\/SonnOkt17alp_046-300x200.jpg\" width=\"300\" height=\"200\" alt=\"\"\/><\/a> <\/div> <\/div> <div class=\"rl-gallery-item\" > <div class=\"rl-gallery-item-content\"> <a href=\"https:\/\/www.ferienhaus-sonnalp.at\/wp-content\/uploads\/2018\/12\/SonnOkt17alp_068.jpg\" title=\"\" data-rl_title=\"\" class=\"rl-gallery-link\" data-rl_caption=\"\" data-rel=\"lightbox-gallery-1\"><img loading=\"lazy\" decoding=\"async\" src=\"https:\/\/www.ferienhaus-sonnalp.at\/wp-content\/uploads\/2018\/12\/SonnOkt17alp_068-300x200.jpg\" width=\"300\" height=\"200\" alt=\"\"\/><\/a> <\/div> <\/div> <div class=\"rl-gallery-item\" > <div class=\"rl-gallery-item-content\"> <a href=\"https:\/\/www.ferienhaus-sonnalp.at\/wp-content\/uploads\/2019\/06\/SonnOkt17alp_231.jpg\" title=\"\" data-rl_title=\"\" class=\"rl-gallery-link\" data-rl_caption=\"\" data-rel=\"lightbox-gallery-1\"><img loading=\"lazy\" decoding=\"async\" src=\"https:\/\/www.ferienhaus-sonnalp.at\/wp-content\/uploads\/2019\/06\/SonnOkt17alp_231-300x200.jpg\" width=\"300\" height=\"200\" alt=\"\"\/><\/a> <\/div> <\/div> <div class=\"rl-gallery-item\" > <div class=\"rl-gallery-item-content\"> <a href=\"https:\/\/www.ferienhaus-sonnalp.at\/wp-content\/uploads\/2019\/06\/SonnOkt17alp_232.jpg\" title=\"\" data-rl_title=\"\" class=\"rl-gallery-link\" data-rl_caption=\"\" data-rel=\"lightbox-gallery-1\"><img loading=\"lazy\" decoding=\"async\" src=\"https:\/\/www.ferienhaus-sonnalp.at\/wp-content\/uploads\/2019\/06\/SonnOkt17alp_232-300x200.jpg\" width=\"300\" height=\"200\" alt=\"\"\/><\/a> <\/div> <\/div> <div class=\"rl-gallery-item\" > <div class=\"rl-gallery-item-content\"> <a href=\"https:\/\/www.ferienhaus-sonnalp.at\/wp-content\/uploads\/2019\/06\/SonnOkt17alp_284.jpg\" title=\"\" data-rl_title=\"\" class=\"rl-gallery-link\" data-rl_caption=\"\" data-rel=\"lightbox-gallery-1\"><img loading=\"lazy\" decoding=\"async\" src=\"https:\/\/www.ferienhaus-sonnalp.at\/wp-content\/uploads\/2019\/06\/SonnOkt17alp_284-300x200.jpg\" width=\"300\" height=\"200\" alt=\"\"\/><\/a> <\/div> <\/div> <div class=\"rl-gallery-item\" > <div class=\"rl-gallery-item-content\"> <a href=\"https:\/\/www.ferienhaus-sonnalp.at\/wp-content\/uploads\/2018\/12\/SonnOkt17alp_277.jpg\" title=\"\" data-rl_title=\"\" class=\"rl-gallery-link\" data-rl_caption=\"\" data-rel=\"lightbox-gallery-1\"><img loading=\"lazy\" decoding=\"async\" src=\"https:\/\/www.ferienhaus-sonnalp.at\/wp-content\/uploads\/2018\/12\/SonnOkt17alp_277-300x200.jpg\" width=\"300\" height=\"200\" alt=\"\"\/><\/a> <\/div> <\/div> <div class=\"rl-gallery-item\" > <div class=\"rl-gallery-item-content\"> <a href=\"https:\/\/www.ferienhaus-sonnalp.at\/wp-content\/uploads\/2018\/12\/SonnOkt17alp_238.jpg\" title=\"\" data-rl_title=\"\" class=\"rl-gallery-link\" data-rl_caption=\"\" data-rel=\"lightbox-gallery-1\"><img loading=\"lazy\" decoding=\"async\" src=\"https:\/\/www.ferienhaus-sonnalp.at\/wp-content\/uploads\/2018\/12\/SonnOkt17alp_238-300x200.jpg\" width=\"300\" height=\"200\" alt=\"\"\/><\/a> <\/div> <\/div> <div class=\"rl-gallery-item\" > <div class=\"rl-gallery-item-content\"> <a href=\"https:\/\/www.ferienhaus-sonnalp.at\/wp-content\/uploads\/2018\/12\/SonnOkt17alp_307.jpg\" title=\"\" data-rl_title=\"\" class=\"rl-gallery-link\" data-rl_caption=\"\" data-rel=\"lightbox-gallery-1\"><img loading=\"lazy\" decoding=\"async\" src=\"https:\/\/www.ferienhaus-sonnalp.at\/wp-content\/uploads\/2018\/12\/SonnOkt17alp_307-300x200.jpg\" width=\"300\" height=\"200\" alt=\"\"\/><\/a> <\/div> <\/div> <div class=\"rl-gallery-item\" > <div class=\"rl-gallery-item-content\"> <a href=\"https:\/\/www.ferienhaus-sonnalp.at\/wp-content\/uploads\/2019\/06\/schlafen2.jpg\" title=\"\" data-rl_title=\"\" class=\"rl-gallery-link\" data-rl_caption=\"\" data-rel=\"lightbox-gallery-1\"><img loading=\"lazy\" decoding=\"async\" src=\"https:\/\/www.ferienhaus-sonnalp.at\/wp-content\/uploads\/2019\/06\/schlafen2-300x200.jpg\" width=\"300\" height=\"200\" alt=\"\"\/><\/a> <\/div> <\/div> <div class=\"rl-gallery-item\" > <div class=\"rl-gallery-item-content\"> <a href=\"https:\/\/www.ferienhaus-sonnalp.at\/wp-content\/uploads\/2018\/12\/schlafen.jpg\" title=\"\" data-rl_title=\"\" class=\"rl-gallery-link\" data-rl_caption=\"\" data-rel=\"lightbox-gallery-1\"><img loading=\"lazy\" decoding=\"async\" src=\"https:\/\/www.ferienhaus-sonnalp.at\/wp-content\/uploads\/2018\/12\/schlafen-300x205.jpg\" width=\"300\" height=\"205\" alt=\"\"\/><\/a> <\/div> <\/div> <div class=\"rl-gallery-item\" > <div class=\"rl-gallery-item-content\"> <a href=\"https:\/\/www.ferienhaus-sonnalp.at\/wp-content\/uploads\/2018\/12\/kinder.jpg\" title=\"\" data-rl_title=\"\" class=\"rl-gallery-link\" data-rl_caption=\"\" data-rel=\"lightbox-gallery-1\"><img loading=\"lazy\" decoding=\"async\" src=\"https:\/\/www.ferienhaus-sonnalp.at\/wp-content\/uploads\/2018\/12\/kinder-300x200.jpg\" width=\"300\" height=\"200\" alt=\"\"\/><\/a> <\/div> <\/div> <div class=\"rl-gallery-item\" > <div class=\"rl-gallery-item-content\"> <a href=\"https:\/\/www.ferienhaus-sonnalp.at\/wp-content\/uploads\/2019\/06\/sonnal_167.jpg\" title=\"\" data-rl_title=\"\" class=\"rl-gallery-link\" data-rl_caption=\"\" data-rel=\"lightbox-gallery-1\"><img loading=\"lazy\" decoding=\"async\" src=\"https:\/\/www.ferienhaus-sonnalp.at\/wp-content\/uploads\/2019\/06\/sonnal_167-300x200.jpg\" width=\"300\" height=\"200\" alt=\"\"\/><\/a> <\/div> <\/div> <div class=\"rl-gallery-item\" > <div class=\"rl-gallery-item-content\"> <a href=\"https:\/\/www.ferienhaus-sonnalp.at\/wp-content\/uploads\/2019\/06\/sonnal_148.jpg\" title=\"\" data-rl_title=\"\" class=\"rl-gallery-link\" data-rl_caption=\"\" data-rel=\"lightbox-gallery-1\"><img loading=\"lazy\" decoding=\"async\" src=\"https:\/\/www.ferienhaus-sonnalp.at\/wp-content\/uploads\/2019\/06\/sonnal_148-300x200.jpg\" width=\"300\" height=\"200\" alt=\"\"\/><\/a> <\/div> <\/div> <div class=\"rl-gallery-item\" > <div class=\"rl-gallery-item-content\"> <a href=\"https:\/\/www.ferienhaus-sonnalp.at\/wp-content\/uploads\/2019\/06\/sonnal_212.jpg\" title=\"\" data-rl_title=\"\" class=\"rl-gallery-link\" data-rl_caption=\"\" data-rel=\"lightbox-gallery-1\"><img loading=\"lazy\" decoding=\"async\" src=\"https:\/\/www.ferienhaus-sonnalp.at\/wp-content\/uploads\/2019\/06\/sonnal_212-300x200.jpg\" width=\"300\" height=\"200\" alt=\"\"\/><\/a> <\/div> <\/div> <div class=\"rl-gallery-item\" > <div class=\"rl-gallery-item-content\"> <a href=\"https:\/\/www.ferienhaus-sonnalp.at\/wp-content\/uploads\/2019\/06\/sonnal_043.jpg\" title=\"\" data-rl_title=\"\" class=\"rl-gallery-link\" data-rl_caption=\"\" data-rel=\"lightbox-gallery-1\"><img loading=\"lazy\" decoding=\"async\" src=\"https:\/\/www.ferienhaus-sonnalp.at\/wp-content\/uploads\/2019\/06\/sonnal_043-300x200.jpg\" width=\"300\" height=\"200\" alt=\"\"\/><\/a> <\/div> <\/div> <div class=\"rl-gallery-item\" > <div class=\"rl-gallery-item-content\"> <a href=\"https:\/\/www.ferienhaus-sonnalp.at\/wp-content\/uploads\/2019\/06\/sonnal_035.jpg\" title=\"\" data-rl_title=\"\" class=\"rl-gallery-link\" data-rl_caption=\"\" data-rel=\"lightbox-gallery-1\"><img loading=\"lazy\" decoding=\"async\" src=\"https:\/\/www.ferienhaus-sonnalp.at\/wp-content\/uploads\/2019\/06\/sonnal_035-300x200.jpg\" width=\"300\" height=\"200\" alt=\"\"\/><\/a> <\/div> <\/div> <div class=\"rl-gallery-item\" > <div class=\"rl-gallery-item-content\"> <a href=\"https:\/\/www.ferienhaus-sonnalp.at\/wp-content\/uploads\/2019\/06\/sonnal_001.jpg\" title=\"\" data-rl_title=\"\" class=\"rl-gallery-link\" data-rl_caption=\"\" data-rel=\"lightbox-gallery-1\"><img loading=\"lazy\" decoding=\"async\" src=\"https:\/\/www.ferienhaus-sonnalp.at\/wp-content\/uploads\/2019\/06\/sonnal_001-300x200.jpg\" width=\"300\" height=\"200\" alt=\"\"\/><\/a> <\/div> <\/div> <div class=\"rl-gallery-item\" > <div class=\"rl-gallery-item-content\"> <a href=\"https:\/\/www.ferienhaus-sonnalp.at\/wp-content\/uploads\/2018\/12\/SonnOkt17alp_354.jpg\" title=\"\" data-rl_title=\"\" class=\"rl-gallery-link\" data-rl_caption=\"\" data-rel=\"lightbox-gallery-1\"><img loading=\"lazy\" decoding=\"async\" src=\"https:\/\/www.ferienhaus-sonnalp.at\/wp-content\/uploads\/2018\/12\/SonnOkt17alp_354-300x200.jpg\" width=\"300\" height=\"200\" alt=\"\"\/><\/a> <\/div> <\/div> <\/div> <\/div>\n<p>&nbsp;<\/p>\n<p style=\"text-align: left;\">Das Ferienhaus ist folgenderma\u00dfen ausgestattet:<\/p>\n<ul>\n<li><strong>17 gem\u00fctlich eingerichtete Zimmer<\/strong> (teilweise mit Balkon) mit insgesamt <strong>48 Betten<\/strong> &#8211; aufgeteilt auf 1 Einzelzimmer, 10 Zweibettzimmer, 2 Dreibettzimmer, 1 Vierbettzimmer, 1 F\u00fcnfbettzimmer und 2 Sechsbettzimmer<\/li>\n<li>Betten jeweils mit Decken, Kissen und Schon\u00fcberzug ausgestattet<\/li>\n<li>Waschbecken in jedem Zimmer, 4 Duschen und 2 WCs auf der Etage<\/li>\n<li><strong>gro\u00dfer Aufenthaltsraum<\/strong> mit Platz f\u00fcr bis zu<strong> 60 Personen<\/strong>, geeignet als Speisesaal oder Seminarraum, ausgestattet mit zwei Getr\u00e4nkek\u00fchlschr\u00e4nken, flexibler Bestuhlung, einer mobilen Leinwand, CD-Player mit Radio<\/li>\n<li><strong>komplett eingerichtete K\u00fcche<\/strong>\u00a0inklusive K\u00fchlschrank, Gastro-Geschirrsp\u00fclmaschine, Filter-Kaffeemaschine, Elektro-Backrohr und Gasherd, Geschirr, Besteck und Gl\u00e4ser f\u00fcr 60 Personen<\/li>\n<li>gut best\u00fcckter <strong>Getr\u00e4nkekeller<\/strong><\/li>\n<li>K\u00fchlraum und K\u00fchltruhe<\/li>\n<li><strong>Mehrzweckraum<\/strong> mit Platz f\u00fcr bis zu <strong>25 Personen<\/strong> (beispielsweise geeignet f\u00fcr Seminare, Buffet, Tischtennis&#8230;)<\/li>\n<li>Herren- und Damen WC-Anlagen getrennt<\/li>\n<li>gro\u00dfz\u00fcgige <strong>Sonnenterrasse<\/strong> mit herrlicher Aussicht, Liegest\u00fchle, Sonnenschirme, Biertische und B\u00e4nke, Grill und Feuerschale<\/li>\n<li><strong>Ski-\/ Fahrradkeller<\/strong>, Skischuhraum, Schmutzschleuse, M\u00fcllraum<\/li>\n<li>\u00d6kologische Holz-Pellets-Zentralheizung und Solaranlage zur Warmwasseraufbereitung<\/li>\n<li>Reisebibliothek, Spielesammlung und Tischtennisplatte<\/li>\n<li>Kinderspielplatz in unmittelbarer N\u00e4he<\/li>\n<li>Gratis <strong>WIFI<\/strong><\/li>\n<li>Gratis <strong>Parkpl\u00e4tze<\/strong> bei der Seilbahn Talstation<\/li>\n<\/ul>\n<p>&nbsp;<\/p>\n<p>Bei Extra-Buchung k\u00f6nnen auch unsere Zusatzangebote genutzt werden:<\/p>\n<ul>\n<li><strong>Saunabereich\u00a0<\/strong>mit zwei Duschen und einem WC<\/li>\n<li><strong>Honeymoon Suite<\/strong> samt K\u00fcche, Bad mit Dusche und Whirlpool, offener Kamin und Balkon<\/li>\n<li><strong>Kellerbar<\/strong> mit Tischkicker<\/li>\n<\/ul>\n<p>Weitere Infos rund um Ihren Aufenthalt bei uns finden Sie unter <a href=\"https:\/\/portal.gastfreund.net\/ferienhaus-sonnalp\/259696\">https:\/\/portal.gastfreund.net\/ferienhaus-sonnalp\/259696.<\/a><\/p>\n","protected":false},"excerpt":{"rendered":"<p>Unser Selbstversorgerhaus vermieten wir zur alleinigen Nutzung und ist bestens geeignet f\u00fcr gro\u00dfe Gruppen bis zu 50 Personen, wie beispielsweise: Firmen (Seminare, Teambuilding, Strategie- und Visionsworkshops etc.) Schulen (Projekttage, Ski- [&hellip;]<\/p>\n","protected":false},"author":1,"featured_media":46,"parent":0,"menu_order":0,"comment_status":"closed","ping_status":"closed","template":"","meta":{"footnotes":""},"class_list":["post-8","page","type-page","status-publish","has-post-thumbnail","hentry"],"_links":{"self":[{"href":"https:\/\/www.ferienhaus-sonnalp.at\/index.php\/wp-json\/wp\/v2\/pages\/8","targetHints":{"allow":["GET"]}}],"collection":[{"href":"https:\/\/www.ferienhaus-sonnalp.at\/index.php\/wp-json\/wp\/v2\/pages"}],"about":[{"href":"https:\/\/www.ferienhaus-sonnalp.at\/index.php\/wp-json\/wp\/v2\/types\/page"}],"author":[{"embeddable":true,"href":"https:\/\/www.ferienhaus-sonnalp.at\/index.php\/wp-json\/wp\/v2\/users\/1"}],"replies":[{"embeddable":true,"href":"https:\/\/www.ferienhaus-sonnalp.at\/index.php\/wp-json\/wp\/v2\/comments?post=8"}],"version-history":[{"count":33,"href":"https:\/\/www.ferienhaus-sonnalp.at\/index.php\/wp-json\/wp\/v2\/pages\/8\/revisions"}],"predecessor-version":[{"id":320,"href":"https:\/\/www.ferienhaus-sonnalp.at\/index.php\/wp-json\/wp\/v2\/pages\/8\/revisions\/320"}],"wp:featuredmedia":[{"embeddable":true,"href":"https:\/\/www.ferienhaus-sonnalp.at\/index.php\/wp-json\/wp\/v2\/media\/46"}],"wp:attachment":[{"href":"https:\/\/www.ferienhaus-sonnalp.at\/index.php\/wp-json\/wp\/v2\/media?parent=8"}],"curies":[{"name":"wp","href":"https:\/\/api.w.org\/{rel}","templated":true}]}}